{"id":98,"date":"2024-05-15T06:28:52","date_gmt":"2024-05-15T06:28:52","guid":{"rendered":"https:\/\/rotter-erdbau.at\/?page_id=98"},"modified":"2024-05-24T06:11:47","modified_gmt":"2024-05-24T06:11:47","slug":"dienstleistungen","status":"publish","type":"page","link":"https:\/\/rotter-erdbau.at\/?page_id=98","title":{"rendered":"Dienstleistungen"},"content":{"rendered":"\t\t<div data-elementor-type=\"wp-page\" data-elementor-id=\"98\" class=\"elementor elementor-98\">\n\t\t\t\t<div class=\"elementor-element elementor-element-28797758 e-con-full e-flex elementor-invisible e-con e-parent\" data-id=\"28797758\" data-element_type=\"container\" data-e-type=\"container\" data-settings=\"{&quot;background_background&quot;:&quot;classic&quot;,&quot;animation&quot;:&quot;fadeInUp&quot;,&quot;animation_mobile&quot;:&quot;none&quot;}\">\n\t\t<div class=\"elementor-element elementor-element-2b9d6b06 e-con-full e-flex e-con e-child\" data-id=\"2b9d6b06\" data-element_type=\"container\" data-e-type=\"container\">\n\t\t\t\t<div class=\"elementor-element elementor-element-61b7ae7 elementor-widget elementor-widget-image\" data-id=\"61b7ae7\" data-element_type=\"widget\" data-e-type=\"widget\" data-widget_type=\"image.default\">\n\t\t\t\t<div class=\"elementor-widget-container\">\n\t\t\t\t\t\t\t\t\t\t\t\t\t\t\t<img fetchpriority=\"high\" decoding=\"async\" width=\"800\" height=\"640\" src=\"https:\/\/rotter-erdbau.at\/wp-content\/uploads\/2024\/05\/Rotter_Erdbau_takeuchi_bagger_natursteinmauer-1024x819.jpg\" class=\"attachment-large size-large wp-image-84\" alt=\"\" srcset=\"https:\/\/rotter-erdbau.at\/wp-content\/uploads\/2024\/05\/Rotter_Erdbau_takeuchi_bagger_natursteinmauer-1024x819.jpg 1024w, https:\/\/rotter-erdbau.at\/wp-content\/uploads\/2024\/05\/Rotter_Erdbau_takeuchi_bagger_natursteinmauer-300x240.jpg 300w, https:\/\/rotter-erdbau.at\/wp-content\/uploads\/2024\/05\/Rotter_Erdbau_takeuchi_bagger_natursteinmauer-768x614.jpg 768w, https:\/\/rotter-erdbau.at\/wp-content\/uploads\/2024\/05\/Rotter_Erdbau_takeuchi_bagger_natursteinmauer-1536x1229.jpg 1536w, https:\/\/rotter-erdbau.at\/wp-content\/uploads\/2024\/05\/Rotter_Erdbau_takeuchi_bagger_natursteinmauer.jpg 2000w\" sizes=\"(max-width: 800px) 100vw, 800px\" \/>\t\t\t\t\t\t\t\t\t\t\t\t\t\t\t<\/div>\n\t\t\t\t<\/div>\n\t\t\t\t<\/div>\n\t\t<div class=\"elementor-element elementor-element-559a904c e-con-full e-flex e-con e-child\" data-id=\"559a904c\" data-element_type=\"container\" data-e-type=\"container\">\n\t\t\t\t<div class=\"elementor-element elementor-element-497e6c7 elementor-widget elementor-widget-heading\" data-id=\"497e6c7\" data-element_type=\"widget\" data-e-type=\"widget\" data-widget_type=\"heading.default\">\n\t\t\t\t<div class=\"elementor-widget-container\">\n\t\t\t\t\t<h1 class=\"elementor-heading-title elementor-size-default\">Dienstleistungen<\/h1>\t\t\t\t<\/div>\n\t\t\t\t<\/div>\n\t\t\t\t<div class=\"elementor-element elementor-element-18e06f9a elementor-widget elementor-widget-text-editor\" data-id=\"18e06f9a\" data-element_type=\"widget\" data-e-type=\"widget\" data-widget_type=\"text-editor.default\">\n\t\t\t\t<div class=\"elementor-widget-container\">\n\t\t\t\t\t\t\t\t\t<p>Erdbau Rotter ist Ihr kompetenter Partner f\u00fcr eine breite Palette von Dienstleistungen rund um Erdbau, Landschaftsgestaltung und Baustoffhandel. Mit unserem Fachwissen und unserer Leidenschaft f\u00fcr Qualit\u00e4t setzen wir Ihre Projekte pr\u00e4zise und zu Ihrer vollsten Zufriedenheit um.<\/p>\t\t\t\t\t\t\t\t<\/div>\n\t\t\t\t<\/div>\n\t\t\t\t<\/div>\n\t\t\t\t<\/div>\n\t\t<div class=\"elementor-element elementor-element-6222a029 e-con-full e-flex e-con e-parent\" data-id=\"6222a029\" data-element_type=\"container\" data-e-type=\"container\" data-settings=\"{&quot;background_background&quot;:&quot;classic&quot;}\">\n\t\t<div class=\"elementor-element elementor-element-28c79184 e-con-full e-flex elementor-invisible e-con e-child\" data-id=\"28c79184\" data-element_type=\"container\" data-e-type=\"container\" data-settings=\"{&quot;animation&quot;:&quot;fadeInLeft&quot;,&quot;animation_delay&quot;:100,&quot;animation_mobile&quot;:&quot;none&quot;}\">\n\t\t\t\t<div class=\"elementor-element elementor-element-43b6e02c elementor-widget elementor-widget-heading\" data-id=\"43b6e02c\" data-element_type=\"widget\" data-e-type=\"widget\" data-widget_type=\"heading.default\">\n\t\t\t\t<div class=\"elementor-widget-container\">\n\t\t\t\t\t<h2 class=\"elementor-heading-title elementor-size-default\">Natursteinmauern<\/h2>\t\t\t\t<\/div>\n\t\t\t\t<\/div>\n\t\t\t\t<div class=\"elementor-element elementor-element-75431e9f elementor-widget elementor-widget-text-editor\" data-id=\"75431e9f\" data-element_type=\"widget\" data-e-type=\"widget\" data-widget_type=\"text-editor.default\">\n\t\t\t\t<div class=\"elementor-widget-container\">\n\t\t\t\t\t\t\t\t\t<p>Unsere Steinmauern \u00fcberzeugen durch handwerkliche Qualit\u00e4t und \u00e4sthetisches Design. Durch die passgenaue und exakte Verlegung der Granitsteine schaffen wir langlebige und ansprechende Mauern, die jedes Grundst\u00fcck aufwerten.<\/p><p>Gemeinsam planen wir ihre Natursteinmauer individuell nach Ihren Bed\u00fcrfnissen.<\/p><p>Ob f\u00fcr die Abgrenzung Ihres Gartens, die Gestaltung von Terrassen oder als dekoratives Element im Au\u00dfenbereich \u2013 unsere Mauern f\u00fcgen sich harmonisch in jede Landschaft ein und verleihen Ihrem Zuhause einen einzigartigen Charakter.<\/p><p>Dar\u00fcber hinaus legen wir gro\u00dfen Wert auf eine professionelle Ausf\u00fchrung und eine sorgf\u00e4ltige Planung. Wir stehen Ihnen von der ersten Beratung bis zur Fertigstellung mit Rat und Tat zur Seite, um sicherzustellen, dass Ihre Natursteinmauer nicht nur optisch ansprechend, sondern auch funktional und stabil ist.<\/p><p>Kontaktieren Sie uns noch heute f\u00fcr ein unverbindliches Beratungsgespr\u00e4ch und lassen Sie sich von unseren Ideen inspirieren!<\/p>\t\t\t\t\t\t\t\t<\/div>\n\t\t\t\t<\/div>\n\t\t\t\t<\/div>\n\t\t<div class=\"elementor-element elementor-element-2100c82e e-con-full e-flex elementor-invisible e-con e-child\" data-id=\"2100c82e\" data-element_type=\"container\" data-e-type=\"container\" data-settings=\"{&quot;animation&quot;:&quot;fadeInRight&quot;,&quot;animation_delay&quot;:100,&quot;animation_mobile&quot;:&quot;none&quot;}\">\n\t\t\t\t<div class=\"elementor-element elementor-element-5acf3c elementor-widget elementor-widget-image\" data-id=\"5acf3c\" data-element_type=\"widget\" data-e-type=\"widget\" data-widget_type=\"image.default\">\n\t\t\t\t<div class=\"elementor-widget-container\">\n\t\t\t\t\t\t\t\t\t\t\t\t\t\t\t<img decoding=\"async\" width=\"800\" height=\"800\" src=\"https:\/\/rotter-erdbau.at\/wp-content\/uploads\/2024\/05\/Rotter_Erdbau_Natursteinmauer.jpg\" class=\"attachment-large size-large wp-image-80\" alt=\"\" srcset=\"https:\/\/rotter-erdbau.at\/wp-content\/uploads\/2024\/05\/Rotter_Erdbau_Natursteinmauer.jpg 1024w, https:\/\/rotter-erdbau.at\/wp-content\/uploads\/2024\/05\/Rotter_Erdbau_Natursteinmauer-300x300.jpg 300w, https:\/\/rotter-erdbau.at\/wp-content\/uploads\/2024\/05\/Rotter_Erdbau_Natursteinmauer-150x150.jpg 150w, https:\/\/rotter-erdbau.at\/wp-content\/uploads\/2024\/05\/Rotter_Erdbau_Natursteinmauer-768x768.jpg 768w\" sizes=\"(max-width: 800px) 100vw, 800px\" \/>\t\t\t\t\t\t\t\t\t\t\t\t\t\t\t<\/div>\n\t\t\t\t<\/div>\n\t\t\t\t<\/div>\n\t\t\t\t<\/div>\n\t\t<div class=\"elementor-element elementor-element-7c0803d9 e-con-full e-flex e-con e-parent\" data-id=\"7c0803d9\" data-element_type=\"container\" data-e-type=\"container\" data-settings=\"{&quot;background_background&quot;:&quot;classic&quot;}\">\n\t\t<div class=\"elementor-element elementor-element-1192b151 e-con-full e-flex elementor-invisible e-con e-child\" data-id=\"1192b151\" data-element_type=\"container\" data-e-type=\"container\" data-settings=\"{&quot;animation&quot;:&quot;fadeInRight&quot;,&quot;animation_delay&quot;:100,&quot;animation_mobile&quot;:&quot;none&quot;}\">\n\t\t\t\t<div class=\"elementor-element elementor-element-14ffebea elementor-widget elementor-widget-heading\" data-id=\"14ffebea\" data-element_type=\"widget\" data-e-type=\"widget\" data-widget_type=\"heading.default\">\n\t\t\t\t<div class=\"elementor-widget-container\">\n\t\t\t\t\t<h2 class=\"elementor-heading-title elementor-size-default\">Erdarbeiten aller Art<\/h2>\t\t\t\t<\/div>\n\t\t\t\t<\/div>\n\t\t\t\t<div class=\"elementor-element elementor-element-e54a08c elementor-widget elementor-widget-text-editor\" data-id=\"e54a08c\" data-element_type=\"widget\" data-e-type=\"widget\" data-widget_type=\"text-editor.default\">\n\t\t\t\t<div class=\"elementor-widget-container\">\n\t\t\t\t\t\t\t\t\t<p>Von Aushubarbeiten \u00fcber Bodenverdichtung bis hin zur Gel\u00e4ndemodellierung \u2013 wir f\u00fchren s\u00e4mtliche Erdbauarbeiten professionell und effizient durch. Mit unserer Erfahrung sorgen wir daf\u00fcr, dass Ihr Bauprojekt auf einem soliden Fundament steht.<\/p><p><strong>Planierarbeiten f\u00fcr Zufahrten, Schwimmteiche oder Poolaushub:<\/strong> Mit unserer Expertise in Planierarbeiten schaffen wir ebene Fl\u00e4chen f\u00fcr Zufahrten, Terrassen oder den Bau von Schwimmteichen und Pools.<\/p><p><strong>Drainage:<\/strong> Eine effektive Drainage ist entscheidend f\u00fcr die langfristige Entw\u00e4sserung von Fl\u00e4chen, um Staun\u00e4sse zu vermeiden und die Bodenqualit\u00e4t zu erhalten.<\/p>\t\t\t\t\t\t\t\t<\/div>\n\t\t\t\t<\/div>\n\t\t\t\t<div class=\"elementor-element elementor-element-41d4c15 elementor-widget elementor-widget-image\" data-id=\"41d4c15\" data-element_type=\"widget\" data-e-type=\"widget\" data-widget_type=\"image.default\">\n\t\t\t\t<div class=\"elementor-widget-container\">\n\t\t\t\t\t\t\t\t\t\t\t\t\t\t\t<img decoding=\"async\" width=\"150\" height=\"150\" src=\"https:\/\/rotter-erdbau.at\/wp-content\/uploads\/2024\/05\/erdbau_logo-150x150.jpg\" class=\"attachment-thumbnail size-thumbnail wp-image-107\" alt=\"\" \/>\t\t\t\t\t\t\t\t\t\t\t\t\t\t\t<\/div>\n\t\t\t\t<\/div>\n\t\t\t\t<\/div>\n\t\t<div class=\"elementor-element elementor-element-34e68b5a e-con-full e-flex elementor-invisible e-con e-child\" data-id=\"34e68b5a\" data-element_type=\"container\" data-e-type=\"container\" data-settings=\"{&quot;animation&quot;:&quot;fadeInLeft&quot;,&quot;animation_delay&quot;:100,&quot;animation_mobile&quot;:&quot;none&quot;}\">\n\t\t\t\t<div class=\"elementor-element elementor-element-5b30b927 elementor-widget elementor-widget-image\" data-id=\"5b30b927\" data-element_type=\"widget\" data-e-type=\"widget\" data-widget_type=\"image.default\">\n\t\t\t\t<div class=\"elementor-widget-container\">\n\t\t\t\t\t\t\t\t\t\t\t\t\t\t\t<img loading=\"lazy\" decoding=\"async\" width=\"800\" height=\"641\" src=\"https:\/\/rotter-erdbau.at\/wp-content\/uploads\/2024\/05\/Rotter_Erdbau_erdbau_aushub.jpg\" class=\"attachment-large size-large wp-image-86\" alt=\"\" srcset=\"https:\/\/rotter-erdbau.at\/wp-content\/uploads\/2024\/05\/Rotter_Erdbau_erdbau_aushub.jpg 1024w, https:\/\/rotter-erdbau.at\/wp-content\/uploads\/2024\/05\/Rotter_Erdbau_erdbau_aushub-300x240.jpg 300w, https:\/\/rotter-erdbau.at\/wp-content\/uploads\/2024\/05\/Rotter_Erdbau_erdbau_aushub-768x615.jpg 768w\" sizes=\"(max-width: 800px) 100vw, 800px\" \/>\t\t\t\t\t\t\t\t\t\t\t\t\t\t\t<\/div>\n\t\t\t\t<\/div>\n\t\t\t\t<\/div>\n\t\t\t\t<\/div>\n\t\t<div class=\"elementor-element elementor-element-b242481 e-con-full e-flex e-con e-parent\" data-id=\"b242481\" data-element_type=\"container\" data-e-type=\"container\" data-settings=\"{&quot;background_background&quot;:&quot;classic&quot;}\">\n\t\t<div class=\"elementor-element elementor-element-79467d92 e-con-full e-flex elementor-invisible e-con e-child\" data-id=\"79467d92\" data-element_type=\"container\" data-e-type=\"container\" data-settings=\"{&quot;animation&quot;:&quot;fadeInLeft&quot;,&quot;animation_delay&quot;:100,&quot;animation_mobile&quot;:&quot;none&quot;}\">\n\t\t\t\t<div class=\"elementor-element elementor-element-6edef0f4 elementor-widget elementor-widget-heading\" data-id=\"6edef0f4\" data-element_type=\"widget\" data-e-type=\"widget\" data-widget_type=\"heading.default\">\n\t\t\t\t<div class=\"elementor-widget-container\">\n\t\t\t\t\t<h2 class=\"elementor-heading-title elementor-size-default\">Gartengestaltung mit Natursteinen<\/h2>\t\t\t\t<\/div>\n\t\t\t\t<\/div>\n\t\t\t\t<div class=\"elementor-element elementor-element-74365e2e elementor-widget elementor-widget-text-editor\" data-id=\"74365e2e\" data-element_type=\"widget\" data-e-type=\"widget\" data-widget_type=\"text-editor.default\">\n\t\t\t\t<div class=\"elementor-widget-container\">\n\t\t\t\t\t\t\t\t\t<p>Wir verwandeln Ihren Garten in eine gr\u00fcne Oase nach Ihren Vorstellungen. Neben der Anlage von Beeten und Rasenfl\u00e4chen bieten wir auch die Gestaltung von Gartenobjekten wie Feuerstellen und Sitzgelegenheiten an, die Ihren Au\u00dfenbereich gem\u00fctlicher und einladender machen.<\/p><div id=\"simple-translate\" class=\"simple-translate-system-theme\"><div><div class=\"simple-translate-button isShow\" style=\"background-image: url('moz-extension:\/\/3cd10165-9ff7-497b-82d6-47c2139cbdbc\/icons\/512.png'); height: 22px; width: 22px; top: 32px; left: 10px;\">\u00a0<\/div><div class=\"simple-translate-panel \" style=\"width: 300px; height: 200px; top: 0px; left: 0px; font-size: 13px;\"><div class=\"simple-translate-result-wrapper\" style=\"overflow: hidden;\"><div class=\"simple-translate-move\" draggable=\"true\">\u00a0<\/div><div class=\"simple-translate-result-contents\"><p class=\"simple-translate-result\" dir=\"auto\">\u00a0<\/p><p class=\"simple-translate-candidate\" dir=\"auto\">\u00a0<\/p><\/div><\/div><\/div><\/div><\/div>\t\t\t\t\t\t\t\t<\/div>\n\t\t\t\t<\/div>\n\t\t\t\t<\/div>\n\t\t<div class=\"elementor-element elementor-element-5246ac0d e-con-full e-flex elementor-invisible e-con e-child\" data-id=\"5246ac0d\" data-element_type=\"container\" data-e-type=\"container\" data-settings=\"{&quot;animation&quot;:&quot;fadeInRight&quot;,&quot;animation_delay&quot;:100,&quot;animation_mobile&quot;:&quot;none&quot;}\">\n\t\t\t\t<div class=\"elementor-element elementor-element-7a5a2ee1 elementor-widget elementor-widget-image\" data-id=\"7a5a2ee1\" data-element_type=\"widget\" data-e-type=\"widget\" data-widget_type=\"image.default\">\n\t\t\t\t<div class=\"elementor-widget-container\">\n\t\t\t\t\t\t\t\t\t\t\t\t\t\t\t<img loading=\"lazy\" decoding=\"async\" width=\"800\" height=\"640\" src=\"https:\/\/rotter-erdbau.at\/wp-content\/uploads\/2024\/05\/Rotter_Erdbau_feuerstelle_sitzgelegenheit_naturstein.jpg\" class=\"attachment-large size-large wp-image-85\" alt=\"\" srcset=\"https:\/\/rotter-erdbau.at\/wp-content\/uploads\/2024\/05\/Rotter_Erdbau_feuerstelle_sitzgelegenheit_naturstein.jpg 1024w, https:\/\/rotter-erdbau.at\/wp-content\/uploads\/2024\/05\/Rotter_Erdbau_feuerstelle_sitzgelegenheit_naturstein-300x240.jpg 300w, https:\/\/rotter-erdbau.at\/wp-content\/uploads\/2024\/05\/Rotter_Erdbau_feuerstelle_sitzgelegenheit_naturstein-768x614.jpg 768w\" sizes=\"(max-width: 800px) 100vw, 800px\" \/>\t\t\t\t\t\t\t\t\t\t\t\t\t\t\t<\/div>\n\t\t\t\t<\/div>\n\t\t\t\t<\/div>\n\t\t\t\t<\/div>\n\t\t<div class=\"elementor-element elementor-element-c5d0c84 e-con-full e-flex e-con e-parent\" data-id=\"c5d0c84\" data-element_type=\"container\" data-e-type=\"container\" data-settings=\"{&quot;background_background&quot;:&quot;classic&quot;}\">\n\t\t<div class=\"elementor-element elementor-element-96223f1 e-con-full e-flex elementor-invisible e-con e-child\" data-id=\"96223f1\" data-element_type=\"container\" data-e-type=\"container\" data-settings=\"{&quot;animation&quot;:&quot;fadeInRight&quot;,&quot;animation_delay&quot;:100,&quot;animation_mobile&quot;:&quot;none&quot;}\">\n\t\t\t\t<div class=\"elementor-element elementor-element-77d5e23 elementor-widget elementor-widget-heading\" data-id=\"77d5e23\" data-element_type=\"widget\" data-e-type=\"widget\" data-widget_type=\"heading.default\">\n\t\t\t\t<div class=\"elementor-widget-container\">\n\t\t\t\t\t<h2 class=\"elementor-heading-title elementor-size-default\">Baustoffhandel<\/h2>\t\t\t\t<\/div>\n\t\t\t\t<\/div>\n\t\t\t\t<div class=\"elementor-element elementor-element-3cde669 elementor-widget elementor-widget-text-editor\" data-id=\"3cde669\" data-element_type=\"widget\" data-e-type=\"widget\" data-widget_type=\"text-editor.default\">\n\t\t\t\t<div class=\"elementor-widget-container\">\n\t\t\t\t\t\t\t\t\t<p>Wir bieten eine gro\u00dfe Auswahl an hochwertigen Baustoffen f\u00fcr Ihre Bauprojekte. Von Sand und Kies \u00fcber Pflastersteine bis hin zu Natursteinen \u2013 bei uns erhalten Sie alles, was Sie f\u00fcr Ihre Bauvorhaben ben\u00f6tigen, in bester Qualit\u00e4t und zu fairen Preisen.<\/p>\t\t\t\t\t\t\t\t<\/div>\n\t\t\t\t<\/div>\n\t\t\t\t<\/div>\n\t\t<div class=\"elementor-element elementor-element-a23030b e-con-full e-flex e-con e-child\" data-id=\"a23030b\" data-element_type=\"container\" data-e-type=\"container\">\n\t\t\t\t<div class=\"elementor-element elementor-element-22a2f94 elementor-invisible elementor-widget elementor-widget-image\" data-id=\"22a2f94\" data-element_type=\"widget\" data-e-type=\"widget\" data-settings=\"{&quot;_animation&quot;:&quot;fadeInLeft&quot;,&quot;_animation_delay&quot;:100,&quot;_animation_mobile&quot;:&quot;none&quot;}\" data-widget_type=\"image.default\">\n\t\t\t\t<div class=\"elementor-widget-container\">\n\t\t\t\t\t\t\t\t\t\t\t\t\t\t\t<img loading=\"lazy\" decoding=\"async\" width=\"800\" height=\"640\" src=\"https:\/\/rotter-erdbau.at\/wp-content\/uploads\/2024\/05\/Rotter_Erdbau_schotter_steine.jpg\" class=\"attachment-large size-large wp-image-88\" alt=\"\" srcset=\"https:\/\/rotter-erdbau.at\/wp-content\/uploads\/2024\/05\/Rotter_Erdbau_schotter_steine.jpg 1024w, https:\/\/rotter-erdbau.at\/wp-content\/uploads\/2024\/05\/Rotter_Erdbau_schotter_steine-300x240.jpg 300w, https:\/\/rotter-erdbau.at\/wp-content\/uploads\/2024\/05\/Rotter_Erdbau_schotter_steine-768x614.jpg 768w\" sizes=\"(max-width: 800px) 100vw, 800px\" \/>\t\t\t\t\t\t\t\t\t\t\t\t\t\t\t<\/div>\n\t\t\t\t<\/div>\n\t\t\t\t<\/div>\n\t\t\t\t<\/div>\n\t\t<div class=\"elementor-element elementor-element-46d10567 e-flex e-con-boxed e-con e-parent\" data-id=\"46d10567\" data-element_type=\"container\" data-e-type=\"container\" data-settings=\"{&quot;background_background&quot;:&quot;classic&quot;}\">\n\t\t\t\t\t<div class=\"e-con-inner\">\n\t\t\t\t<div class=\"elementor-element elementor-element-9697375 elementor-widget elementor-widget-heading\" data-id=\"9697375\" data-element_type=\"widget\" data-e-type=\"widget\" data-widget_type=\"heading.default\">\n\t\t\t\t<div class=\"elementor-widget-container\">\n\t\t\t\t\t<h3 class=\"elementor-heading-title elementor-size-default\">Der richtige Partner f\u00fcr ihr Gartenprojekt.<\/h3>\t\t\t\t<\/div>\n\t\t\t\t<\/div>\n\t\t\t\t<div class=\"elementor-element elementor-element-50dda74b elementor-widget elementor-widget-text-editor\" data-id=\"50dda74b\" data-element_type=\"widget\" data-e-type=\"widget\" data-widget_type=\"text-editor.default\">\n\t\t\t\t<div class=\"elementor-widget-container\">\n\t\t\t\t\t\t\t\t\t<p>Holen sie sich jetzt Ihr Angebot.<\/p><div id=\"simple-translate\" class=\"simple-translate-system-theme\"><div><div class=\"simple-translate-button isShow\" style=\"background-image: url('moz-extension:\/\/3cd10165-9ff7-497b-82d6-47c2139cbdbc\/icons\/512.png'); height: 22px; width: 22px; top: 42px; left: 8px;\">\u00a0<\/div><div class=\"simple-translate-panel \" style=\"width: 300px; height: 200px; top: 0px; left: 0px; font-size: 13px;\"><div class=\"simple-translate-result-wrapper\" style=\"overflow: hidden;\"><div class=\"simple-translate-move\" draggable=\"true\">\u00a0<\/div><div class=\"simple-translate-result-contents\"><p class=\"simple-translate-result\" dir=\"auto\">\u00a0<\/p><p class=\"simple-translate-candidate\" dir=\"auto\">\u00a0<\/p><\/div><\/div><\/div><\/div><\/div>\t\t\t\t\t\t\t\t<\/div>\n\t\t\t\t<\/div>\n\t\t\t\t<div class=\"elementor-element elementor-element-6509d51b elementor-mobile-align-center elementor-align-center elementor-widget elementor-widget-button\" data-id=\"6509d51b\" data-element_type=\"widget\" data-e-type=\"widget\" data-widget_type=\"button.default\">\n\t\t\t\t<div class=\"elementor-widget-container\">\n\t\t\t\t\t\t\t\t\t<div class=\"elementor-button-wrapper\">\n\t\t\t\t\t<a class=\"elementor-button elementor-button-link elementor-size-sm\" href=\"https:\/\/rotter-erdbau.at\/?page_id=120\">\n\t\t\t\t\t\t<span class=\"elementor-button-content-wrapper\">\n\t\t\t\t\t\t\t\t\t<span class=\"elementor-button-text\">Kontakt<\/span>\n\t\t\t\t\t<\/span>\n\t\t\t\t\t<\/a>\n\t\t\t\t<\/div>\n\t\t\t\t\t\t\t\t<\/div>\n\t\t\t\t<\/div>\n\t\t\t\t\t<\/div>\n\t\t\t\t<\/div>\n\t\t\t\t<\/div>\n\t\t","protected":false},"excerpt":{"rendered":"<p>Dienstleistungen Erdbau Rotter ist Ihr kompetenter Partner f\u00fcr eine breite Palette von Dienstleistungen rund um Erdbau, Landschaftsgestaltung und Baustoffhandel. Mit unserem Fachwissen und unserer Leidenschaft f\u00fcr Qualit\u00e4t setzen wir Ihre Projekte pr\u00e4zise und zu Ihrer vollsten Zufriedenheit um. Natursteinmauern Unsere Steinmauern \u00fcberzeugen durch handwerkliche Qualit\u00e4t und \u00e4sthetisches Design. Durch die passgenaue und exakte Verlegung der [&hellip;]<\/p>\n","protected":false},"author":1,"featured_media":0,"parent":0,"menu_order":0,"comment_status":"closed","ping_status":"closed","template":"elementor_header_footer","meta":{"footnotes":""},"class_list":["post-98","page","type-page","status-publish","hentry"],"_links":{"self":[{"href":"https:\/\/rotter-erdbau.at\/index.php?rest_route=\/wp\/v2\/pages\/98","targetHints":{"allow":["GET"]}}],"collection":[{"href":"https:\/\/rotter-erdbau.at\/index.php?rest_route=\/wp\/v2\/pages"}],"about":[{"href":"https:\/\/rotter-erdbau.at\/index.php?rest_route=\/wp\/v2\/types\/page"}],"author":[{"embeddable":true,"href":"https:\/\/rotter-erdbau.at\/index.php?rest_route=\/wp\/v2\/users\/1"}],"replies":[{"embeddable":true,"href":"https:\/\/rotter-erdbau.at\/index.php?rest_route=%2Fwp%2Fv2%2Fcomments&post=98"}],"version-history":[{"count":19,"href":"https:\/\/rotter-erdbau.at\/index.php?rest_route=\/wp\/v2\/pages\/98\/revisions"}],"predecessor-version":[{"id":206,"href":"https:\/\/rotter-erdbau.at\/index.php?rest_route=\/wp\/v2\/pages\/98\/revisions\/206"}],"wp:attachment":[{"href":"https:\/\/rotter-erdbau.at\/index.php?rest_route=%2Fwp%2Fv2%2Fmedia&parent=98"}],"curies":[{"name":"wp","href":"https:\/\/api.w.org\/{rel}","templated":true}]}}